{"id":372,"date":"2021-06-24T12:40:55","date_gmt":"2021-06-24T10:40:55","guid":{"rendered":"https:\/\/orchestredefourviere.fr\/?page_id=372"},"modified":"2022-06-29T12:08:26","modified_gmt":"2022-06-29T10:08:26","slug":"soutenez-nous","status":"publish","type":"page","link":"https:\/\/orchestredefourviere.fr\/index.php\/soutenez-nous\/","title":{"rendered":"Soutenez-nous"},"content":{"rendered":"\t\t<div data-elementor-type=\"wp-page\" data-elementor-id=\"372\" class=\"elementor elementor-372\" data-elementor-settings=\"[]\">\n\t\t\t\t\t\t\t<div class=\"elementor-section-wrap\">\n\t\t\t\t\t\t\t<section class=\"elementor-section elementor-top-section elementor-element elementor-element-ce4bb46 elementor-section-full_width elementor-section-stretched elementor-section-height-default elementor-section-height-default\" data-id=\"ce4bb46\" data-element_type=\"section\" data-settings=\"{&quot;stretch_section&quot;:&quot;section-stretched&quot;,&quot;background_background&quot;:&quot;classic&quot;}\">\n\t\t\t\t\t\t<div class=\"elementor-container elementor-column-gap-default\">\n\t\t\t\t\t<div class=\"elementor-column elementor-col-100 elementor-top-column elementor-element elementor-element-2200cd1\" data-id=\"2200cd1\" data-element_type=\"column\">\n\t\t\t<div class=\"elementor-widget-wrap elementor-element-populated\">\n\t\t\t\t\t\t\t\t<div class=\"elementor-element elementor-element-b0e774b elementor-widget elementor-widget-spacer\" data-id=\"b0e774b\" data-element_type=\"widget\" data-widget_type=\"spacer.default\">\n\t\t\t\t<div class=\"elementor-widget-container\">\n\t\t\t\t\t<div class=\"elementor-spacer\">\n\t\t\t<div class=\"elementor-spacer-inner\"><\/div>\n\t\t<\/div>\n\t\t\t\t<\/div>\n\t\t\t\t<\/div>\n\t\t\t\t\t<\/div>\n\t\t<\/div>\n\t\t\t\t\t\t\t<\/div>\n\t\t<\/section>\n\t\t\t\t<section class=\"elementor-section elementor-top-section elementor-element elementor-element-018d10a elementor-section-full_width elementor-section-stretched elementor-section-height-default elementor-section-height-default\" data-id=\"018d10a\" data-element_type=\"section\" id=\"Particuliers\" data-settings=\"{&quot;stretch_section&quot;:&quot;section-stretched&quot;,&quot;background_background&quot;:&quot;classic&quot;}\">\n\t\t\t\t\t\t<div class=\"elementor-container elementor-column-gap-default\">\n\t\t\t\t\t<div class=\"elementor-column elementor-col-50 elementor-top-column elementor-element elementor-element-ce8bf79\" data-id=\"ce8bf79\" data-element_type=\"column\">\n\t\t\t<div class=\"elementor-widget-wrap elementor-element-populated\">\n\t\t\t\t\t\t\t\t<div class=\"elementor-element elementor-element-fd80194 elementor-widget elementor-widget-heading\" data-id=\"fd80194\" data-element_type=\"widget\" data-widget_type=\"heading.default\">\n\t\t\t\t<div class=\"elementor-widget-container\">\n\t\t\t<h2 class=\"elementor-heading-title elementor-size-xl\"><a href=\"#Particuliers\">Faire un don<\/a><\/h2>\t\t<\/div>\n\t\t\t\t<\/div>\n\t\t\t\t<div class=\"elementor-element elementor-element-a8c1501 elementor-widget elementor-widget-text-editor\" data-id=\"a8c1501\" data-element_type=\"widget\" data-widget_type=\"text-editor.default\">\n\t\t\t\t<div class=\"elementor-widget-container\">\n\t\t\t\t\t\t\t\t<p>\u00a0<\/p><p class=\"font_8\">Cher public,\u00a0<\/p><p class=\"font_8\">Soutenez<\/p><p class=\"font_8\">L\u2019Orchestre de Fourvi\u00e8re &amp; Le Quatuor de Fourvi\u00e8re<\/p><p class=\"font_8\">En faisant un don \u00e0 l\u2019Association \u00ab LE TIPI DES MUSICIENS \u00bb, b\u00e9n\u00e9ficiez d\u2019une r\u00e9duction d\u2019imp\u00f4t.<\/p><p class=\"font_8\">Les dons re\u00e7us par l\u2019association ouvrent droit \u00e0 r\u00e9duction d\u2019imp\u00f4t sur le revenu ou d\u2019imp\u00f4t sur les soci\u00e9t\u00e9s.<\/p><ul><li class=\"font_8\"><span class=\"wixGuard\">\u200b<\/span>Par carte bancaire : vous pouvez faire un don en\u00a0<a href=\"https:\/\/www.helloasso.com\/associations\/le-tipi-des-musiciens\/formulaires\/1\/widget\" target=\"_blank\" rel=\"nofollow noopener\">ligne<\/a>\u00a0s\u00e9curis\u00e9<\/li><li class=\"font_8\">Bulletin de don: t\u00e9l\u00e9chargez le document Cerfa<\/li><\/ul>\t\t\t\t\t\t<\/div>\n\t\t\t\t<\/div>\n\t\t\t\t<div class=\"elementor-element elementor-element-5d40c01 elementor-align-center elementor-widget elementor-widget-button\" data-id=\"5d40c01\" data-element_type=\"widget\" data-widget_type=\"button.default\">\n\t\t\t\t<div class=\"elementor-widget-container\">\n\t\t\t\t\t<div class=\"elementor-button-wrapper\">\n\t\t\t<a href=\"https:\/\/001bf20a-b84f-4342-8edd-ee420b29fe70.filesusr.com\/ugd\/7123b7_42ddcd94d03840328b61f777a88334a5.pdf\" target=\"_blank\" class=\"elementor-button-link elementor-button elementor-size-sm\" role=\"button\">\n\t\t\t\t\t\t<span class=\"elementor-button-content-wrapper\">\n\t\t\t\t\t\t<span class=\"elementor-button-text\">Document Cerfa<\/span>\n\t\t<\/span>\n\t\t\t\t\t<\/a>\n\t\t<\/div>\n\t\t\t\t<\/div>\n\t\t\t\t<\/div>\n\t\t\t\t<div class=\"elementor-element elementor-element-2a2e4e4 elementor-widget elementor-widget-text-editor\" data-id=\"2a2e4e4\" data-element_type=\"widget\" data-widget_type=\"text-editor.default\">\n\t\t\t\t<div class=\"elementor-widget-container\">\n\t\t\t\t\t\t\t\t<p>\u00a0<\/p><p>MERCI POUR VOTRE SOUTIEN !<\/p>\t\t\t\t\t\t<\/div>\n\t\t\t\t<\/div>\n\t\t\t\t<div class=\"elementor-element elementor-element-e2eaf32 elementor-widget elementor-widget-spacer\" data-id=\"e2eaf32\" data-element_type=\"widget\" data-widget_type=\"spacer.default\">\n\t\t\t\t<div class=\"elementor-widget-container\">\n\t\t\t\t\t<div class=\"elementor-spacer\">\n\t\t\t<div class=\"elementor-spacer-inner\"><\/div>\n\t\t<\/div>\n\t\t\t\t<\/div>\n\t\t\t\t<\/div>\n\t\t\t\t<div class=\"elementor-element elementor-element-8a7c038 elementor-widget elementor-widget-text-editor\" data-id=\"8a7c038\" data-element_type=\"widget\" id=\"Entreprises\" data-widget_type=\"text-editor.default\">\n\t\t\t\t<div class=\"elementor-widget-container\">\n\t\t\t\t\t\t\t\t<p class=\"font_8\">* Au titre du m\u00e9c\u00e9nat, chaque don effectu\u00e9 en faveur de l&rsquo;Association Le Tipi des Musiciens ouvre droit en France \u00e0 une r\u00e9duction d\u2019imp\u00f4ts sur le revenu \u00e9gale \u00e0 66% de son montant, dans la limite de 20% du revenu imposable.<br \/>Si ce plafond est d\u00e9pass\u00e9, l\u2019exc\u00e9dent est reportable sur les cinq ann\u00e9es suivant le versement.<\/p><p>\u00a0<\/p>\t\t\t\t\t\t<\/div>\n\t\t\t\t<\/div>\n\t\t\t\t\t<\/div>\n\t\t<\/div>\n\t\t\t\t<div class=\"elementor-column elementor-col-50 elementor-top-column elementor-element elementor-element-ee8b444\" data-id=\"ee8b444\" data-element_type=\"column\">\n\t\t\t<div class=\"elementor-widget-wrap elementor-element-populated\">\n\t\t\t\t\t\t\t\t<div class=\"elementor-element elementor-element-411d966 elementor-widget elementor-widget-spacer\" data-id=\"411d966\" data-element_type=\"widget\" data-widget_type=\"spacer.default\">\n\t\t\t\t<div class=\"elementor-widget-container\">\n\t\t\t\t\t<div class=\"elementor-spacer\">\n\t\t\t<div class=\"elementor-spacer-inner\"><\/div>\n\t\t<\/div>\n\t\t\t\t<\/div>\n\t\t\t\t<\/div>\n\t\t\t\t<div class=\"elementor-element elementor-element-6497468 elementor-widget elementor-widget-image\" data-id=\"6497468\" data-element_type=\"widget\" data-widget_type=\"image.default\">\n\t\t\t\t<div class=\"elementor-widget-container\">\n\t\t\t\t\t\t\t\t\t\t\t\t\t\t\t<img src=\"https:\/\/orchestredefourviere.fr\/wp-content\/uploads\/elementor\/thumbs\/Photo-soutenez-nous-p9a7ugi8wy2pizmixqdhtr7tvcwamgwl1ky9ozqws0.png\" title=\"Photo soutenez-nous\" alt=\"Photo soutenez-nous\" \/>\t\t\t\t\t\t\t\t\t\t\t\t\t\t\t<\/div>\n\t\t\t\t<\/div>\n\t\t\t\t\t<\/div>\n\t\t<\/div>\n\t\t\t\t\t\t\t<\/div>\n\t\t<\/section>\n\t\t\t\t<section class=\"elementor-section elementor-top-section elementor-element elementor-element-57a0b4f elementor-section-full_width elementor-section-stretched elementor-section-height-default elementor-section-height-default\" data-id=\"57a0b4f\" data-element_type=\"section\" data-settings=\"{&quot;stretch_section&quot;:&quot;section-stretched&quot;,&quot;background_background&quot;:&quot;classic&quot;}\">\n\t\t\t\t\t\t<div class=\"elementor-container elementor-column-gap-custom\">\n\t\t\t\t\t<div class=\"elementor-column elementor-col-100 elementor-top-column elementor-element elementor-element-f70f3dd\" data-id=\"f70f3dd\" data-element_type=\"column\">\n\t\t\t<div class=\"elementor-widget-wrap elementor-element-populated\">\n\t\t\t\t\t\t\t\t<div class=\"elementor-element elementor-element-9480dbc elementor-widget elementor-widget-heading\" data-id=\"9480dbc\" data-element_type=\"widget\" data-widget_type=\"heading.default\">\n\t\t\t\t<div class=\"elementor-widget-container\">\n\t\t\t<h2 class=\"elementor-heading-title elementor-size-xl\">Le m\u00e9c\u00e9nat d\u2019Entreprises\n\n<\/h2>\t\t<\/div>\n\t\t\t\t<\/div>\n\t\t\t\t<div class=\"elementor-element elementor-element-1595dcb elementor-widget elementor-widget-text-editor\" data-id=\"1595dcb\" data-element_type=\"widget\" data-widget_type=\"text-editor.default\">\n\t\t\t\t<div class=\"elementor-widget-container\">\n\t\t\t\t\t\t\t\t<p>\u00a0<\/p><p class=\"font_8\" style=\"text-align: justify;\">Lorsqu\u2019une entreprise fait un don, elle b\u00e9n\u00e9ficie d\u2019une d\u00e9duction fiscale de 60% de la somme vers\u00e9e, dans la limite de 0,5% de son chiffre d\u2019affaire H.T.<\/p><p class=\"font_8\" style=\"text-align: justify;\">Si le plafond de 0,5% du CA H.T. est d\u00e9pass\u00e9, l\u2019exc\u00e9dent peut \u00eatre report\u00e9 sur les 5 exercices suivants.<\/p><p class=\"font_8\" style=\"text-align: justify;\">Exemples :<\/p><p class=\"font_8\" style=\"text-align: justify;\">Montant du don\u00a0 \u00a0 \u00a0 \u00a0 \u00a0 \u00a0 \u00a0 \u00a0 \u00a0 \u00a0 \u00a010 000 \u20ac\u00a0 \u00a0 \u00a0\u00a025 000 \u20ac\u00a0 \u00a0 \u00a050 000 \u20ac<\/p><p class=\"font_8\" style=\"text-align: justify;\">D\u00e9duction fiscale (60 %)\u00a0 \u00a0 \u00a0 \u00a0\u00a06 000 \u20ac\u00a0 \u00a0 \u00a0 \u00a015 000 \u20ac\u00a0 \u00a0 \u00a0\u00a030 000 \u20ac<\/p><p class=\"font_8\" style=\"text-align: justify;\">Co\u00fbt r\u00e9el\u00a0 \u00a0 \u00a0 \u00a0 \u00a0 \u00a0 \u00a0 \u00a0 \u00a0 \u00a0 \u00a0 \u00a0 \u00a0 \u00a0 \u00a0 \u00a0 \u00a0\u00a04 000 \u20ac\u00a0 \u00a0 \u00a0 \u00a010 000 \u20ac\u00a0 \u00a0 \u00a0\u00a020 000 \u20ac<\/p><p class=\"font_8\" style=\"text-align: justify;\">L\u2019entreprise m\u00e9c\u00e8ne peut b\u00e9n\u00e9ficier de contreparties en communication et relations publiques (diffusion du logo de l\u2019entreprise, invitations gratuites sur la programmation de l\u2019Orchestre ou du Quatuor) dans la limite de 25% du montant du don.<\/p><p class=\"font_8\" style=\"text-align: justify;\"><span class=\"wixGuard\">\u200b<\/span>MERCI POUR VOTRE SOUTIEN !<\/p><p class=\"font_8\" style=\"text-align: justify;\">\u00a0\u00a0*\u00a0Au titre du m\u00e9c\u00e9nat, chaque don effectu\u00e9 en faveur de l&rsquo;Association Le Tipi des Musiciens\u00a0ouvre droit en France \u00e0 une r\u00e9duction d\u2019imp\u00f4ts sur le revenu \u00e9gale \u00e0 66% de son montant, dans la limite de 20% du revenu imposable.<br \/>Si ce plafond est d\u00e9pass\u00e9, l\u2019exc\u00e9dent est reportable sur les cinq ann\u00e9es suivant le versement.<\/p>\t\t\t\t\t\t<\/div>\n\t\t\t\t<\/div>\n\t\t\t\t\t<\/div>\n\t\t<\/div>\n\t\t\t\t\t\t\t<\/div>\n\t\t<\/section>\n\t\t\t\t<section class=\"elementor-section elementor-top-section elementor-element elementor-element-85b1d2c elementor-section-boxed elementor-section-height-default elementor-section-height-default\" data-id=\"85b1d2c\" data-element_type=\"section\">\n\t\t\t\t\t\t<div class=\"elementor-container elementor-column-gap-default\">\n\t\t\t\t\t<div class=\"elementor-column elementor-col-100 elementor-top-column elementor-element elementor-element-c9e943b\" data-id=\"c9e943b\" data-element_type=\"column\">\n\t\t\t<div class=\"elementor-widget-wrap\">\n\t\t\t\t\t\t\t\t\t<\/div>\n\t\t<\/div>\n\t\t\t\t\t\t\t<\/div>\n\t\t<\/section>\n\t\t\t\t\t\t<\/div>\n\t\t\t\t\t<\/div>\n\t\t","protected":false},"excerpt":{"rendered":"<p>Faire un don \u00a0 Cher public,\u00a0 Soutenez L\u2019Orchestre de Fourvi\u00e8re &amp; Le Quatuor de Fourvi\u00e8re En faisant un don \u00e0 l\u2019Association \u00ab LE TIPI DES MUSICIENS \u00bb, b\u00e9n\u00e9ficiez d\u2019une r\u00e9duction [&hellip;]<\/p>\n","protected":false},"author":1,"featured_media":0,"parent":0,"menu_order":0,"comment_status":"closed","ping_status":"closed","template":"","meta":[],"_links":{"self":[{"href":"https:\/\/orchestredefourviere.fr\/index.php\/wp-json\/wp\/v2\/pages\/372"}],"collection":[{"href":"https:\/\/orchestredefourviere.fr\/index.php\/wp-json\/wp\/v2\/pages"}],"about":[{"href":"https:\/\/orchestredefourviere.fr\/index.php\/wp-json\/wp\/v2\/types\/page"}],"author":[{"embeddable":true,"href":"https:\/\/orchestredefourviere.fr\/index.php\/wp-json\/wp\/v2\/users\/1"}],"replies":[{"embeddable":true,"href":"https:\/\/orchestredefourviere.fr\/index.php\/wp-json\/wp\/v2\/comments?post=372"}],"version-history":[{"count":88,"href":"https:\/\/orchestredefourviere.fr\/index.php\/wp-json\/wp\/v2\/pages\/372\/revisions"}],"predecessor-version":[{"id":1250,"href":"https:\/\/orchestredefourviere.fr\/index.php\/wp-json\/wp\/v2\/pages\/372\/revisions\/1250"}],"wp:attachment":[{"href":"https:\/\/orchestredefourviere.fr\/index.php\/wp-json\/wp\/v2\/media?parent=372"}],"curies":[{"name":"wp","href":"https:\/\/api.w.org\/{rel}","templated":true}]}}